{"id":349,"date":"2014-05-13T07:42:31","date_gmt":"2014-05-13T05:42:31","guid":{"rendered":"https:\/\/www.arhi-systems.de\/blog\/?page_id=349"},"modified":"2020-07-14T17:54:16","modified_gmt":"2020-07-14T15:54:16","slug":"impressum","status":"publish","type":"page","link":"https:\/\/www.arhi-systems.de\/blog\/impressum","title":{"rendered":"Impressum und Datenschutz"},"content":{"rendered":"<h1 style=\"text-align: left;\">Impressum<\/h1>\n<p style=\"text-align: left;\"><img loading=\"lazy\" decoding=\"async\" class=\"alignleft wp-image-686 \" src=\"https:\/\/www.arhi-systems.de\/blog\/wp-content\/uploads\/2020\/07\/Bildschirmfoto-vom-2020-07-14-17-52-42.png\" alt=\"\" width=\"166\" height=\"68\" srcset=\"https:\/\/www.arhi-systems.de\/blog\/wp-content\/uploads\/2020\/07\/Bildschirmfoto-vom-2020-07-14-17-52-42.png 208w, https:\/\/www.arhi-systems.de\/blog\/wp-content\/uploads\/2020\/07\/Bildschirmfoto-vom-2020-07-14-17-52-42-150x61.png 150w\" sizes=\"auto, (max-width: 166px) 100vw, 166px\" \/><\/p>\n<hr \/>\n<h1>Datenschutz<\/h1>\n<h2>Geltungsbereich<\/h2>\n<p>Diese Datenschutzerkl\u00e4rung kl\u00e4rt Nutzer \u00fcber die Art, den Umfang und Zwecke der Erhebung und Verwendung personenbezogener Daten durch den verantwortlichen Anbieter (siehe Impressum) auf dieser Website (im folgenden \u201cAngebot\u201d) auf.<\/p>\n<p>Die rechtlichen Grundlagen des Datenschutzes finden sich im Bundesdatenschutzgesetz (BDSG) und dem Telemediengesetz (TMG).<\/p>\n<h2>Zugriffsdaten\/ Server-Logfiles<\/h2>\n<p><span class=\"sd-muster-content\">Der Anbieter (beziehungsweise sein Webspace-Provider) erhebt Daten \u00fcber jeden Zugriff auf das Angebot (so genannte Serverlogfiles). Zu den Zugriffsdaten geh\u00f6ren:<\/span><\/p>\n<p>Name der abgerufenen Webseite, Datei, Datum und Uhrzeit des Abrufs, \u00fcbertragene Datenmenge, Meldung \u00fcber erfolgreichen Abruf, Browsertyp nebst Version, das Betriebssystem des Nutzers, Referrer URL (die zuvor besuchte Seite), IP-Adresse und <em>der anfragende Provider<\/em>. In der IP-Adresse wird die letzte Stelle durch eine Null ersetzt. So ist eine Personenzuordnung durch den Anbieter nicht mehr m\u00f6glich.<\/p>\n<p>Der Anbieter verwendet die Protokolldaten nur f\u00fcr statistische Auswertungen zum Zweck des Betriebs, der Sicherheit und der Optimierung des Angebotes. Der Anbieter beh\u00e4lt sich jedoch vor, die Protokolldaten nachtr\u00e4glich zu \u00fcberpr\u00fcfen, wenn aufgrund konkreter Anhaltspunkte der berechtigte Verdacht einer rechtswidrigen Nutzung besteht.<\/p>\n<h2>Umgang mit personenbezogenen Daten<\/h2>\n<p><span class=\"sd-muster-content\">Personenbezogene Daten sind Informationen, mit deren Hilfe eine Person bestimmbar ist, also Angaben, die zur\u00fcck zu einer Person verfolgt werden k\u00f6nnen. Dazu geh\u00f6ren der Name, die Emailadresse oder die Telefonnummer. Aber auch Daten \u00fcber Vorlieben, Hobbies, Mitgliedschaften oder welche Webseiten von jemandem angesehen wurden z\u00e4hlen zu personenbezogenen Daten.<\/span><\/p>\n<p>Personenbezogene Daten werden von dem Anbieter nur dann erhoben, genutzt und weiter gegeben, wenn dies gesetzlich erlaubt ist oder die Nutzer in die Datenerhebung einwilligen.<\/p>\n<h2>Kontaktaufnahme<\/h2>\n<p>Bei der Kontaktaufnahme mit dem Anbieter (zum Beispiel per Kontaktformular oder E-Mail) werden die Angaben des Nutzers zwecks Bearbeitung der Anfrage sowie f\u00fcr den Fall, dass Anschlussfragen entstehen, gespeichert.<\/p>\n<h2>Kommentare und Beitr\u00e4ge<\/h2>\n<p>Wenn Nutzer Kommentare im Blog oder sonstige Beitr\u00e4ge hinterlassen, werden ihre IP-Adressen gespeichert. Das erfolgt zur Sicherheit des Anbieters, falls jemand in Kommentaren und Beitr\u00e4gen widerrechtliche Inhalte schreibt (Beleidigungen, verbotene politische Propaganda, etc.). In diesem Fall kann der Anbieter selbst f\u00fcr den Kommentar oder Beitrag belangt werden und ist daher an der Identit\u00e4t des Verfassers interessiert.<\/p>\n<h2>Newsletter<\/h2>\n<p><span class=\"sd-muster-content\">Mit dem Newsletter (E-Mail-Abo) informieren wir Sie \u00fcber neue Beitr\u00e4ge.<\/span><\/p>\n<p>Wenn Sie den Newsletter empfangen m\u00f6chten, ben\u00f6tigen wir von Ihnen eine valide E-Mail-Adresse sowie Informationen, die uns die \u00dcberpr\u00fcfung gestatten, dass Sie der Inhaber der angegebenen E-Mail-Adresse sind bzw. deren Inhaber mit dem Empfang des Newsletters einverstanden ist. Weitere Daten werden nicht erhoben. Diese Daten werden nur f\u00fcr den Versand der Newsletter verwendet und werden nicht an Dritte weiter gegeben.<\/p>\n<p><!--Mit der Anmeldung zum Newsletter speichern wir Ihre IP-Adresse und das Datum der Anmeldung. Diese Speicherung dient alleine dem Nachweis im Fall, dass ein Dritter eine Emailadresse missbraucht und sich ohne Wissen des Berechtigten f\u00fcr den Newsletterempfang anmeldet.--><\/p>\n<p>Ihre Einwilligung zur Speicherung der Daten, der Email-Adresse sowie deren Nutzung zum Versand des Newsletters k\u00f6nnen Sie jederzeit widerrufen. Der Widerruf kann per Mitteilung an die oben stehende Kontaktm\u00f6glichkeit oder \u00fcber das Formular unter \u201eLizenz und Kontakt\u201c erfolgen.<\/p>\n<h2>Einbindung von Diensten und Inhalten Dritter<\/h2>\n<p><span class=\"sd-muster-content\">Es kann vorkommen, dass innerhalb dieses Onlineangebotes Inhalte Dritter, wie zum Beispiel Videos von YouTube, Kartenmaterial von Google-Maps, RSS-Feeds oder Grafiken von anderen Webseiten eingebunden werden. Dies setzt immer voraus, dass die Anbieter dieser Inhalte (nachfolgend bezeichnet als &#8220;Dritt-Anbieter&#8221;) die IP-Adresse der Nutzer wahr nehmen. Denn ohne die IP-Adresse, k\u00f6nnten sie die Inhalte nicht an den Browser des jeweiligen Nutzers senden. Die IP-Adresse ist damit f\u00fcr die Darstellung dieser Inhalte erforderlich. Wir bem\u00fchen uns nur solche Inhalte zu verwenden, deren jeweilige Anbieter die IP-Adresse lediglich zur Auslieferung der Inhalte verwenden. Jedoch haben wir keinen Einfluss darauf, falls die Dritt-Anbieter die IP-Adresse z.B. f\u00fcr statistische Zwecke speichern. Soweit dies uns bekannt ist, kl\u00e4ren wir die Nutzer dar\u00fcber auf.<\/span><\/p>\n<h2>Cookies<\/h2>\n<p><span class=\"sd-muster-content\">Cookies sind kleine Dateien, die es erm\u00f6glichen, auf dem Zugriffsger\u00e4t der Nutzer (PC, Smartphone o.\u00e4.) spezifische, auf das Ger\u00e4t bezogene Informationen zu speichern. Sie dienen zum einem der Benutzerfreundlichkeit von Webseiten und damit den Nutzern (z.B. Speicherung von Logindaten). Zum anderen dienen sie, um die statistische Daten der Webseitennutzung zu erfassen und sie zwecks Verbesserung des Angebotes analysieren zu k\u00f6nnen. Die Nutzer k\u00f6nnen auf den Einsatz der Cookies Einfluss nehmen. Die meisten Browser verf\u00fcgen eine Option mit der das Speichern von Cookies eingeschr\u00e4nkt oder komplett verhindert wird. Allerdings wird darauf hingewiesen, dass die Nutzung und insbesondere der Nutzungskomfort ohne Cookies eingeschr\u00e4nkt werden.<\/span><\/p>\n<p>Sie k\u00f6nnen viele Online-Anzeigen-Cookies von Unternehmen \u00fcber die US-amerikanische Seite <a href=\"http:\/\/www.aboutads.info\/choices\/\">http:\/\/www.aboutads.info\/choices\/<\/a> oder die EU-Seite <a href=\"http:\/\/www.youronlinechoices.com\/uk\/your-ad-choices\/ \">http:\/\/www.youronlinechoices.com\/uk\/your-ad-choices\/ <\/a> verwalten.<\/p>\n<h2>Widerruf, \u00c4nderungen, Berichtigungen und Aktualisierungen<\/h2>\n<p>Der Nutzer hat das Recht, auf Antrag unentgeltlich Auskunft zu erhalten \u00fcber die personenbezogenen Daten, die \u00fcber ihn gespeichert wurden. Zus\u00e4tzlich hat der Nutzer das Recht auf Berichtigung unrichtiger Daten, Sperrung und L\u00f6schung seiner personenbezogenen Daten, soweit dem keine gesetzliche Aufbewahrungspflicht entgegensteht.<\/p>\n<p><a href=\"http:\/\/rechtsanwalt-schwenke.de\/smmr-buch\/datenschutz-muster-generator-fuer-webseiten-blogs-und-social-media\/\">Nach dem Datenschutz-Muster von Rechtsanwalt Thomas Schwenke &#8211; I LAW it<\/a> angepasst<\/p>\n","protected":false},"excerpt":{"rendered":"<h1 style=\"text-align: left;\">Impressum<\/h1>\n<p style=\"text-align: left;\"><img loading=\"lazy\" decoding=\"async\" class=\"alignleft wp-image-686 \" src=\"https:\/\/www.arhi-systems.de\/blog\/wp-content\/uploads\/2020\/07\/Bildschirmfoto-vom-2020-07-14-17-52-42.png\" alt=\"\" width=\"166\" height=\"68\" srcset=\"https:\/\/www.arhi-systems.de\/blog\/wp-content\/uploads\/2020\/07\/Bildschirmfoto-vom-2020-07-14-17-52-42.png 208w, https:\/\/www.arhi-systems.de\/blog\/wp-content\/uploads\/2020\/07\/Bildschirmfoto-vom-2020-07-14-17-52-42-150x61.png 150w\" sizes=\"auto, (max-width: 166px) 100vw, 166px\" \/><\/p>\n<h1>Datenschutz<\/h1>\n<h2>Geltungsbereich<\/h2>\n<p>Diese Datenschutzerkl\u00e4rung kl\u00e4rt Nutzer \u00fcber die Art, den Umfang und Zwecke der Erhebung und Verwendung personenbezogener Daten durch den verantwortlichen Anbieter (siehe Impressum) auf dieser Website (im folgenden \u201cAngebot\u201d) auf.<\/p>\n<p>Die rechtlichen Grundlagen des Datenschutzes finden sich im Bundesdatenschutzgesetz (BDSG) und dem Telemediengesetz (TMG).<\/p>\n<h2>Zugriffsdaten\/ Server-Logfiles<\/h2>\n<p>Der Anbieter (beziehungsweise sein Webspace-Provider) erhebt Daten \u00fcber jeden Zugriff auf das Angebot (so genannte Serverlogfiles). Zu den Zugriffsdaten geh\u00f6ren:<\/p>\n<p>Name der abgerufenen Webseite, Datei, Datum und  \u2026 <a href=\"https:\/\/www.arhi-systems.de\/blog\/impressum\"> weiterlesen <span class=\"meta-nav\">&rarr; <\/span><\/a><\/p>\n","protected":false},"author":1,"featured_media":0,"parent":0,"menu_order":2,"comment_status":"closed","ping_status":"open","template":"","meta":{"_s2mail":"yes","footnotes":""},"class_list":["post-349","page","type-page","status-publish","hentry"],"_links":{"self":[{"href":"https:\/\/www.arhi-systems.de\/blog\/wp-json\/wp\/v2\/pages\/349","targetHints":{"allow":["GET"]}}],"collection":[{"href":"https:\/\/www.arhi-systems.de\/blog\/wp-json\/wp\/v2\/pages"}],"about":[{"href":"https:\/\/www.arhi-systems.de\/blog\/wp-json\/wp\/v2\/types\/page"}],"author":[{"embeddable":true,"href":"https:\/\/www.arhi-systems.de\/blog\/wp-json\/wp\/v2\/users\/1"}],"replies":[{"embeddable":true,"href":"https:\/\/www.arhi-systems.de\/blog\/wp-json\/wp\/v2\/comments?post=349"}],"version-history":[{"count":15,"href":"https:\/\/www.arhi-systems.de\/blog\/wp-json\/wp\/v2\/pages\/349\/revisions"}],"predecessor-version":[{"id":687,"href":"https:\/\/www.arhi-systems.de\/blog\/wp-json\/wp\/v2\/pages\/349\/revisions\/687"}],"wp:attachment":[{"href":"https:\/\/www.arhi-systems.de\/blog\/wp-json\/wp\/v2\/media?parent=349"}],"curies":[{"name":"wp","href":"https:\/\/api.w.org\/{rel}","templated":true}]}}